{"id":88,"date":"2016-11-20T10:10:10","date_gmt":"2016-11-20T09:10:10","guid":{"rendered":"http:\/\/knowtech.waszmann.com\/?page_id=88"},"modified":"2026-03-30T19:19:54","modified_gmt":"2026-03-30T18:19:54","slug":"uber","status":"publish","type":"page","link":"https:\/\/knowtech.waszmann.com\/?page_id=88&lang=de","title":{"rendered":"\u00dcBER"},"content":{"rendered":"<section id=\"builder-section-1479633003311\" class=\"builder-section builder-section-first builder-section-text builder-section-last builder-text-columns-1\">\n<div class=\"builder-section-content\">\n<div id=\"builder-section-1479633003311-column-1\" class=\"builder-text-column builder-text-column-1\">\n<div class=\"builder-text-content\">\n<p style=\"text-align: left;\"><a href=\"http:\/\/knowtech.waszmann.com\/wp-content\/uploads\/2015\/11\/tom-waszmann@2x.jpg\"><img loading=\"lazy\" decoding=\"async\" class=\"size-full wp-image-64 alignright\" src=\"http:\/\/knowtech.waszmann.com\/wp-content\/uploads\/2015\/11\/tom-waszmann@2x.jpg\" alt=\"tom-waszmann2x\" width=\"400\" height=\"400\" srcset=\"https:\/\/knowtech.waszmann.com\/wp-content\/uploads\/2015\/11\/tom-waszmann@2x.jpg 400w, https:\/\/knowtech.waszmann.com\/wp-content\/uploads\/2015\/11\/tom-waszmann@2x-150x150.jpg 150w, https:\/\/knowtech.waszmann.com\/wp-content\/uploads\/2015\/11\/tom-waszmann@2x-300x300.jpg 300w\" sizes=\"auto, (max-width: 400px) 100vw, 400px\" \/><\/a>Mein Name ist <strong>Tom Wa\u00dfmann<\/strong>. Ich helfe Einzelpersonen, Teams und Organisationen, mit Technologie bessere Entscheidungen zu treffen \u2014 an der Schnittstelle von IT-Infrastruktur, Wissensmanagement und KI.<\/p>\n<p>Seit 20 Jahren arbeite ich branchen\u00fcbergreifend &#8211;<br \/>\n\u00d6ffentlicher Sektor, Bildung, NGOs, Industrie, IT-Sicherheit und begegne dabei immer dem gleichen Grundproblem:<\/p>\n<p style=\"text-align: left;\"><strong> Menschen ertrinken in Informationen, aber hungern nach Wissen. <\/strong><\/p>\n<p style=\"text-align: left;\"><strong>Die Werkzeuge \u00e4ndern sich. Die Herausforderung bleibt.<\/strong><\/p>\n<p style=\"text-align: left;\">Heute hat diese Herausforderung eine neue Dimension. KI-Systeme wie ChatGPT und Claude k\u00f6nnen Informationen in einem Umfang verarbeiten, zusammenfassen und extrahieren, den kein menschliches Team erreicht. Aber sie halluzinieren, konfabulieren und raten \u2014 oft ohne es zu sagen. Die L\u00fccke zwischen dem, was KI kann, und dem, wof\u00fcr man ihr vertrauen sollte, ist mein Arbeitsfeld.<\/p>\n<p style=\"text-align: left;\"><strong>Was ich mache:<\/strong><\/p>\n<p style=\"text-align: left;\"><strong>KI-Integrationsberatung<\/strong><br \/>\nTeams helfen, KI-Tools einzusetzen, ohne deren blinde Flecken zu \u00fcbernehmen. Von Prompt Engineering f\u00fcr zuverl\u00e4ssige Datenextraktion bis zu Workflows, die auffangen, was das Modell nicht kennzeichnet.<\/p>\n<p style=\"text-align: left;\"><strong>Wissensmanagement<\/strong><br \/>\nSysteme entwerfen, die Organisationswissen erfassen, vernetzen und zug\u00e4nglich machen \u2014 ob als pers\u00f6nliches Second Brain oder unternehmensweite Wissensbasis.<\/p>\n<p><strong>IT-Strategie f\u00fcr KMU &amp; Non-Profits<\/strong><br \/>\nPragmatische, herstellerunabh\u00e4ngige Beratung zu Infrastruktur, Tooling und digitaler Transformation. Self-hosted wo sinnvoll. Cloud wo es nicht schadet.<\/p>\n<p style=\"text-align: left;\"><a href=\"mailto:tom@knowledge.technology\">Schreiben Sie an tom@knowledge.technology<\/a><br \/>\noder kontaktieren sie mich \u00fcber <a href=\"https:\/\/www.linkedin.com\/in\/tomwassmann\">Linkedin.<\/a><\/p>\n<\/div>\n<\/div>\n<\/div>\n<\/section>\n","protected":false},"excerpt":{"rendered":"<p>Mein Name ist Tom Wa\u00dfmann. Ich helfe Einzelpersonen, Teams und Organisationen, mit Technologie bessere Entscheidungen zu treffen \u2014 an der Schnittstelle von IT-Infrastruktur, Wissensmanagement und KI. Seit 20 Jahren arbeite ich branchen\u00fcbergreifend &#8211; \u00d6ffentlicher Sektor, Bildung, NGOs, Industrie, IT-Sicherheit und begegne dabei immer dem gleichen Grundproblem: Menschen ertrinken in Informationen, aber hungern nach Wissen. Die &hellip;<\/p>\n","protected":false},"author":1,"featured_media":0,"parent":0,"menu_order":0,"comment_status":"closed","ping_status":"closed","template":"","meta":{"footnotes":""},"class_list":["post-88","page","type-page","status-publish","hentry"],"_links":{"self":[{"href":"https:\/\/knowtech.waszmann.com\/index.php?rest_route=\/wp\/v2\/pages\/88","targetHints":{"allow":["GET"]}}],"collection":[{"href":"https:\/\/knowtech.waszmann.com\/index.php?rest_route=\/wp\/v2\/pages"}],"about":[{"href":"https:\/\/knowtech.waszmann.com\/index.php?rest_route=\/wp\/v2\/types\/page"}],"author":[{"embeddable":true,"href":"https:\/\/knowtech.waszmann.com\/index.php?rest_route=\/wp\/v2\/users\/1"}],"replies":[{"embeddable":true,"href":"https:\/\/knowtech.waszmann.com\/index.php?rest_route=%2Fwp%2Fv2%2Fcomments&post=88"}],"version-history":[{"count":19,"href":"https:\/\/knowtech.waszmann.com\/index.php?rest_route=\/wp\/v2\/pages\/88\/revisions"}],"predecessor-version":[{"id":182,"href":"https:\/\/knowtech.waszmann.com\/index.php?rest_route=\/wp\/v2\/pages\/88\/revisions\/182"}],"wp:attachment":[{"href":"https:\/\/knowtech.waszmann.com\/index.php?rest_route=%2Fwp%2Fv2%2Fmedia&parent=88"}],"curies":[{"name":"wp","href":"https:\/\/api.w.org\/{rel}","templated":true}]}}